{"id":229,"date":"2021-07-06T15:11:54","date_gmt":"2021-07-06T15:11:54","guid":{"rendered":"https:\/\/plassociados.pt\/?page_id=229"},"modified":"2021-07-14T18:00:19","modified_gmt":"2021-07-14T18:00:19","slug":"elementor-229","status":"publish","type":"page","link":"https:\/\/plassociados.pt\/en\/elementor-229\/","title":{"rendered":"Elementor #229"},"content":{"rendered":"\t\t<div data-elementor-type=\"wp-page\" data-elementor-id=\"229\" class=\"elementor elementor-229\">\n\t\t\t\t\t\t\t\t\t<section class=\"elementor-section elementor-top-section elementor-element elementor-element-081cf38 elementor-section-boxed elementor-section-height-default elementor-section-height-default\" data-id=\"081cf38\" data-element_type=\"section\">\n\t\t\t\t\t\t<div class=\"elementor-container elementor-column-gap-default\">\n\t\t\t\t\t<div class=\"elementor-column elementor-col-100 elementor-top-column elementor-element elementor-element-25c0034\" data-id=\"25c0034\" data-element_type=\"column\">\n\t\t\t<div class=\"elementor-widget-wrap elementor-element-populated\">\n\t\t\t\t\t\t\t\t<div class=\"elementor-element elementor-element-d63173f elementor-widget elementor-widget-image\" data-id=\"d63173f\" data-element_type=\"widget\" data-widget_type=\"image.default\">\n\t\t\t\t<div class=\"elementor-widget-container\">\n\t\t\t\t\t\t\t\t\t\t\t\t\t\t\t<img decoding=\"async\" width=\"4000\" height=\"2400\" src=\"https:\/\/plassociados.pt\/wp-content\/uploads\/2021\/07\/quemsomosPL.png\" class=\"attachment-full size-full\" alt=\"\" loading=\"lazy\" srcset=\"https:\/\/plassociados.pt\/wp-content\/uploads\/2021\/07\/quemsomosPL.png 4000w, https:\/\/plassociados.pt\/wp-content\/uploads\/2021\/07\/quemsomosPL-300x180.png 300w, https:\/\/plassociados.pt\/wp-content\/uploads\/2021\/07\/quemsomosPL-1024x614.png 1024w, https:\/\/plassociados.pt\/wp-content\/uploads\/2021\/07\/quemsomosPL-768x461.png 768w, https:\/\/plassociados.pt\/wp-content\/uploads\/2021\/07\/quemsomosPL-1536x922.png 1536w, https:\/\/plassociados.pt\/wp-content\/uploads\/2021\/07\/quemsomosPL-2048x1229.png 2048w, https:\/\/plassociados.pt\/wp-content\/uploads\/2021\/07\/quemsomosPL-600x360.png 600w\" sizes=\"(max-width: 4000px) 100vw, 4000px\" \/>\t\t\t\t\t\t\t\t\t\t\t\t\t\t\t<\/div>\n\t\t\t\t<\/div>\n\t\t\t\t\t<\/div>\n\t\t<\/div>\n\t\t\t\t\t\t\t<\/div>\n\t\t<\/section>\n\t\t\t\t<section class=\"elementor-section elementor-top-section elementor-element elementor-element-2a87088 elementor-section-boxed elementor-section-height-default elementor-section-height-default\" data-id=\"2a87088\" data-element_type=\"section\">\n\t\t\t\t\t\t<div class=\"elementor-container elementor-column-gap-default\">\n\t\t\t\t\t<div class=\"elementor-column elementor-col-100 elementor-top-column elementor-element elementor-element-b5e396f\" data-id=\"b5e396f\" data-element_type=\"column\">\n\t\t\t<div class=\"elementor-widget-wrap elementor-element-populated\">\n\t\t\t\t\t\t\t\t<div class=\"elementor-element elementor-element-f55bb8d elementor-widget elementor-widget-text-editor\" data-id=\"f55bb8d\" data-element_type=\"widget\" data-widget_type=\"text-editor.default\">\n\t\t\t\t<div class=\"elementor-widget-container\">\n\t\t\t\t\t\t\t<h4 style=\"text-align: left;\">A PL&amp;A associa-se aos l\u00edderes sociais e de mercado para derrubarem os seus maiores desafios e para assegurarem as melhores oportunidades.<\/h4><h4>Hoje trabalhamos com os nossos parceiros para alcan\u00e7ar uma abordagem transformacional direcionada para beneficiar todos os \u201cstakeholders\u201d.<\/h4><h4>Capacitar empresas para que possam crescer, construindo uma vantagem competitiva e sustentada e gerar impacto social positivo.<br \/>Procuramos de forma apaixonada desbloquear o potencial e conseguir fazer acontecer a mudan\u00e7a necess\u00e1ria, integrando solu\u00e7\u00f5es atrav\u00e9s de consultoria com recurso \u00e0 tecnologia ao design e a eventos digitais.<\/h4><h4>Com aud\u00e1cia alcan\u00e7amos o extraordin\u00e1rio, a franqueza alimenta a colabora\u00e7\u00e3o, a aspira\u00e7\u00e3o encontra a inova\u00e7\u00e3o e a rendi\u00e7\u00e3o ao trabalho em equipa.<\/h4><h4>Pensar global e agir local permite que aqueles que querem fazer a diferen\u00e7a e deixar uma marca no futuro o possam fazer com a PL&amp;A.<\/h4><h4>Trabalhamos com os nossos parceiros para alcan\u00e7ar resultados de excel\u00eancia, superar a concorr\u00eancia e redefinir industrias.<\/h4><h4>Para conseguirmos oferecer resultados mais r\u00e1pidos, mais duradouros e melhores, complementamos um ecossistema digital vibrante com a nossa experi\u00eancia personalizada e integrada.<\/h4>\t\t\t\t\t\t<\/div>\n\t\t\t\t<\/div>\n\t\t\t\t\t<\/div>\n\t\t<\/div>\n\t\t\t\t\t\t\t<\/div>\n\t\t<\/section>\n\t\t\t\t<section class=\"elementor-section elementor-top-section elementor-element elementor-element-75022df elementor-section-boxed elementor-section-height-default elementor-section-height-default\" data-id=\"75022df\" data-element_type=\"section\">\n\t\t\t\t\t\t<div class=\"elementor-container elementor-column-gap-default\">\n\t\t\t\t\t<div class=\"elementor-column elementor-col-100 elementor-top-column elementor-element elementor-element-fdf9f58\" data-id=\"fdf9f58\" data-element_type=\"column\">\n\t\t\t<div class=\"elementor-widget-wrap elementor-element-populated\">\n\t\t\t\t\t\t\t\t<div class=\"elementor-element elementor-element-06c7b71 elementor-widget elementor-widget-image\" data-id=\"06c7b71\" data-element_type=\"widget\" data-widget_type=\"image.default\">\n\t\t\t\t<div class=\"elementor-widget-container\">\n\t\t\t\t\t\t\t\t\t\t\t\t\t\t\t<img decoding=\"async\" width=\"4000\" height=\"298\" src=\"https:\/\/plassociados.pt\/wp-content\/uploads\/2021\/07\/footer2021.png\" class=\"attachment-full size-full\" alt=\"\" loading=\"lazy\" srcset=\"https:\/\/plassociados.pt\/wp-content\/uploads\/2021\/07\/footer2021.png 4000w, https:\/\/plassociados.pt\/wp-content\/uploads\/2021\/07\/footer2021-300x22.png 300w, https:\/\/plassociados.pt\/wp-content\/uploads\/2021\/07\/footer2021-1024x76.png 1024w, https:\/\/plassociados.pt\/wp-content\/uploads\/2021\/07\/footer2021-768x57.png 768w, https:\/\/plassociados.pt\/wp-content\/uploads\/2021\/07\/footer2021-1536x114.png 1536w, https:\/\/plassociados.pt\/wp-content\/uploads\/2021\/07\/footer2021-2048x153.png 2048w, https:\/\/plassociados.pt\/wp-content\/uploads\/2021\/07\/footer2021-600x45.png 600w\" sizes=\"(max-width: 4000px) 100vw, 4000px\" \/>\t\t\t\t\t\t\t\t\t\t\t\t\t\t\t<\/div>\n\t\t\t\t<\/div>\n\t\t\t\t\t<\/div>\n\t\t<\/div>\n\t\t\t\t\t\t\t<\/div>\n\t\t<\/section>\n\t\t\t\t\t\t\t<\/div>\n\t\t","protected":false},"excerpt":{"rendered":"<p>A PL&amp;A associa-se aos l\u00edderes sociais e de mercado para derrubarem os seus maiores desafios e para assegurarem as melhores oportunidades. Hoje trabalhamos com os nossos parceiros para alcan\u00e7ar uma abordagem transformacional direcionada para beneficiar todos os \u201cstakeholders\u201d. Capacitar empresas para que possam crescer, construindo uma vantagem competitiva e sustentada e gerar impacto social positivo.Procuramos [&hellip;]<\/p>\n","protected":false},"author":1,"featured_media":0,"parent":0,"menu_order":0,"comment_status":"closed","ping_status":"closed","template":"","meta":[],"translation":{"provider":"WPGlobus","version":"3.0.0","language":"en","enabled_languages":["pt","en"],"languages":{"pt":{"title":true,"content":true,"excerpt":false},"en":{"title":false,"content":false,"excerpt":false}}},"_links":{"self":[{"href":"https:\/\/plassociados.pt\/en\/wp-json\/wp\/v2\/pages\/229"}],"collection":[{"href":"https:\/\/plassociados.pt\/en\/wp-json\/wp\/v2\/pages"}],"about":[{"href":"https:\/\/plassociados.pt\/en\/wp-json\/wp\/v2\/types\/page"}],"author":[{"embeddable":true,"href":"https:\/\/plassociados.pt\/en\/wp-json\/wp\/v2\/users\/1"}],"replies":[{"embeddable":true,"href":"https:\/\/plassociados.pt\/en\/wp-json\/wp\/v2\/comments?post=229"}],"version-history":[{"count":22,"href":"https:\/\/plassociados.pt\/en\/wp-json\/wp\/v2\/pages\/229\/revisions"}],"predecessor-version":[{"id":391,"href":"https:\/\/plassociados.pt\/en\/wp-json\/wp\/v2\/pages\/229\/revisions\/391"}],"wp:attachment":[{"href":"https:\/\/plassociados.pt\/en\/wp-json\/wp\/v2\/media?parent=229"}],"curies":[{"name":"wp","href":"https:\/\/api.w.org\/{rel}","templated":true}]}}