{"id":203,"date":"2021-07-05T13:57:04","date_gmt":"2021-07-05T13:57:04","guid":{"rendered":"https:\/\/plassociados.pt\/?page_id=203"},"modified":"2021-07-14T18:01:11","modified_gmt":"2021-07-14T18:01:11","slug":"elementor-203","status":"publish","type":"page","link":"https:\/\/plassociados.pt\/en\/elementor-203\/","title":{"rendered":"Elementor #203"},"content":{"rendered":"\t\t<div data-elementor-type=\"wp-page\" data-elementor-id=\"203\" class=\"elementor elementor-203\">\n\t\t\t\t\t\t\t\t\t<section class=\"elementor-section elementor-top-section elementor-element elementor-element-a271984 elementor-section-boxed elementor-section-height-default elementor-section-height-default\" data-id=\"a271984\" data-element_type=\"section\">\n\t\t\t\t\t\t<div class=\"elementor-container elementor-column-gap-default\">\n\t\t\t\t\t<div class=\"elementor-column elementor-col-100 elementor-top-column elementor-element elementor-element-e4f4222\" data-id=\"e4f4222\" data-element_type=\"column\">\n\t\t\t<div class=\"elementor-widget-wrap elementor-element-populated\">\n\t\t\t\t\t\t\t\t<div class=\"elementor-element elementor-element-65d0804 elementor-widget elementor-widget-image\" data-id=\"65d0804\" data-element_type=\"widget\" data-widget_type=\"image.default\">\n\t\t\t\t<div class=\"elementor-widget-container\">\n\t\t\t\t\t\t\t\t\t\t\t\t\t\t\t<img decoding=\"async\" width=\"4000\" height=\"2400\" src=\"https:\/\/plassociados.pt\/wp-content\/uploads\/2021\/07\/servicepl.png\" class=\"attachment-full size-full\" alt=\"\" loading=\"lazy\" srcset=\"https:\/\/plassociados.pt\/wp-content\/uploads\/2021\/07\/servicepl.png 4000w, https:\/\/plassociados.pt\/wp-content\/uploads\/2021\/07\/servicepl-300x180.png 300w, https:\/\/plassociados.pt\/wp-content\/uploads\/2021\/07\/servicepl-1024x614.png 1024w, https:\/\/plassociados.pt\/wp-content\/uploads\/2021\/07\/servicepl-768x461.png 768w, https:\/\/plassociados.pt\/wp-content\/uploads\/2021\/07\/servicepl-1536x922.png 1536w, https:\/\/plassociados.pt\/wp-content\/uploads\/2021\/07\/servicepl-2048x1229.png 2048w, https:\/\/plassociados.pt\/wp-content\/uploads\/2021\/07\/servicepl-600x360.png 600w\" sizes=\"(max-width: 4000px) 100vw, 4000px\" \/>\t\t\t\t\t\t\t\t\t\t\t\t\t\t\t<\/div>\n\t\t\t\t<\/div>\n\t\t\t\t\t<\/div>\n\t\t<\/div>\n\t\t\t\t\t\t\t<\/div>\n\t\t<\/section>\n\t\t\t\t<section class=\"elementor-section elementor-top-section elementor-element elementor-element-f351395 elementor-section-boxed elementor-section-height-default elementor-section-height-default\" data-id=\"f351395\" data-element_type=\"section\">\n\t\t\t\t\t\t<div class=\"elementor-container elementor-column-gap-default\">\n\t\t\t\t\t<div class=\"elementor-column elementor-col-100 elementor-top-column elementor-element elementor-element-cd9b563\" data-id=\"cd9b563\" data-element_type=\"column\">\n\t\t\t<div class=\"elementor-widget-wrap elementor-element-populated\">\n\t\t\t\t\t\t\t\t<div class=\"elementor-element elementor-element-809c3d7 elementor-widget elementor-widget-text-editor\" data-id=\"809c3d7\" data-element_type=\"widget\" data-widget_type=\"text-editor.default\">\n\t\t\t\t<div class=\"elementor-widget-container\">\n\t\t\t\t\t\t\t<h4>Na PL&amp;A ajudamos os nossos parceiros a verem o mundo de um modo diferente, a descobrirem oportunidades de neg\u00f3cio que talvez nunca tenham imaginado e a alcan\u00e7ar resultados que unem o que \u00e9, ao que pode ser.<\/h4><h4>Trabalhamos com parceiros com ambi\u00e7\u00e3o que querem definir o futuro e n\u00e3o esconder-se dele.<\/h4><h4>As empresas procuram a PL&amp;A para resolver os desafios que definem o setor em \u00e1reas t\u00e3o diversificadas como:<\/h4><ul><li style=\"list-style-type: none;\"><ul><li><h4>estrat\u00e9gia<\/h4><\/li><li><h4>marketing<\/h4><\/li><li><h4>organiza\u00e7\u00e3o<\/h4><\/li><li><h4>opera\u00e7\u00f5es<\/h4><\/li><li><h4>tecnologia da informa\u00e7\u00e3o<\/h4><\/li><li><h4>transforma\u00e7\u00e3o digital e estrat\u00e9gia<\/h4><\/li><li><h4>an\u00e1lise avan\u00e7ada<\/h4><\/li><li><h4>transforma\u00e7\u00f5es<\/h4><\/li><li><h4>sustentabilidade<\/h4><\/li><\/ul><\/li><\/ul><h4>A nossa abordagem exclusiva para gerenciamento de mudan\u00e7as ajuda a estruturar, orquestrar e possibilitar resultados sustent\u00e1veis.<\/h4><h4>Medimos o nosso sucesso pelo sucesso dos nossos parceiros.<\/h4>\t\t\t\t\t\t<\/div>\n\t\t\t\t<\/div>\n\t\t\t\t\t<\/div>\n\t\t<\/div>\n\t\t\t\t\t\t\t<\/div>\n\t\t<\/section>\n\t\t\t\t<section class=\"elementor-section elementor-top-section elementor-element elementor-element-afecd11 elementor-section-boxed elementor-section-height-default elementor-section-height-default\" data-id=\"afecd11\" data-element_type=\"section\">\n\t\t\t\t\t\t<div class=\"elementor-container elementor-column-gap-default\">\n\t\t\t\t\t<div class=\"elementor-column elementor-col-100 elementor-top-column elementor-element elementor-element-c3b997a\" data-id=\"c3b997a\" data-element_type=\"column\">\n\t\t\t<div class=\"elementor-widget-wrap elementor-element-populated\">\n\t\t\t\t\t\t\t\t<div class=\"elementor-element elementor-element-3dbabea elementor-widget elementor-widget-image\" data-id=\"3dbabea\" data-element_type=\"widget\" data-widget_type=\"image.default\">\n\t\t\t\t<div class=\"elementor-widget-container\">\n\t\t\t\t\t\t\t\t\t\t\t\t\t\t\t<img decoding=\"async\" width=\"4000\" height=\"298\" src=\"https:\/\/plassociados.pt\/wp-content\/uploads\/2021\/07\/footer2021.png\" class=\"attachment-full size-full\" alt=\"\" loading=\"lazy\" srcset=\"https:\/\/plassociados.pt\/wp-content\/uploads\/2021\/07\/footer2021.png 4000w, https:\/\/plassociados.pt\/wp-content\/uploads\/2021\/07\/footer2021-300x22.png 300w, https:\/\/plassociados.pt\/wp-content\/uploads\/2021\/07\/footer2021-1024x76.png 1024w, https:\/\/plassociados.pt\/wp-content\/uploads\/2021\/07\/footer2021-768x57.png 768w, https:\/\/plassociados.pt\/wp-content\/uploads\/2021\/07\/footer2021-1536x114.png 1536w, https:\/\/plassociados.pt\/wp-content\/uploads\/2021\/07\/footer2021-2048x153.png 2048w, https:\/\/plassociados.pt\/wp-content\/uploads\/2021\/07\/footer2021-600x45.png 600w\" sizes=\"(max-width: 4000px) 100vw, 4000px\" \/>\t\t\t\t\t\t\t\t\t\t\t\t\t\t\t<\/div>\n\t\t\t\t<\/div>\n\t\t\t\t\t<\/div>\n\t\t<\/div>\n\t\t\t\t\t\t\t<\/div>\n\t\t<\/section>\n\t\t\t\t\t\t\t<\/div>\n\t\t","protected":false},"excerpt":{"rendered":"<p>Na PL&amp;A ajudamos os nossos parceiros a verem o mundo de um modo diferente, a descobrirem oportunidades de neg\u00f3cio que talvez nunca tenham imaginado e a alcan\u00e7ar resultados que unem o que \u00e9, ao que pode ser. Trabalhamos com parceiros com ambi\u00e7\u00e3o que querem definir o futuro e n\u00e3o esconder-se dele. As empresas procuram a [&hellip;]<\/p>\n","protected":false},"author":1,"featured_media":0,"parent":0,"menu_order":0,"comment_status":"closed","ping_status":"closed","template":"","meta":[],"translation":{"provider":"WPGlobus","version":"3.0.0","language":"en","enabled_languages":["pt","en"],"languages":{"pt":{"title":true,"content":true,"excerpt":false},"en":{"title":false,"content":false,"excerpt":false}}},"_links":{"self":[{"href":"https:\/\/plassociados.pt\/en\/wp-json\/wp\/v2\/pages\/203"}],"collection":[{"href":"https:\/\/plassociados.pt\/en\/wp-json\/wp\/v2\/pages"}],"about":[{"href":"https:\/\/plassociados.pt\/en\/wp-json\/wp\/v2\/types\/page"}],"author":[{"embeddable":true,"href":"https:\/\/plassociados.pt\/en\/wp-json\/wp\/v2\/users\/1"}],"replies":[{"embeddable":true,"href":"https:\/\/plassociados.pt\/en\/wp-json\/wp\/v2\/comments?post=203"}],"version-history":[{"count":31,"href":"https:\/\/plassociados.pt\/en\/wp-json\/wp\/v2\/pages\/203\/revisions"}],"predecessor-version":[{"id":397,"href":"https:\/\/plassociados.pt\/en\/wp-json\/wp\/v2\/pages\/203\/revisions\/397"}],"wp:attachment":[{"href":"https:\/\/plassociados.pt\/en\/wp-json\/wp\/v2\/media?parent=203"}],"curies":[{"name":"wp","href":"https:\/\/api.w.org\/{rel}","templated":true}]}}