{"id":147,"date":"2021-07-05T12:33:20","date_gmt":"2021-07-05T12:33:20","guid":{"rendered":"https:\/\/plassociados.pt\/?page_id=147"},"modified":"2025-07-11T15:28:00","modified_gmt":"2025-07-11T15:28:00","slug":"portugal-lage-associados-3","status":"publish","type":"page","link":"https:\/\/plassociados.pt\/en\/","title":{"rendered":"Portugal Lage &#038; Associates"},"content":{"rendered":"<p><img decoding=\"async\" width=\"1200\" height=\"720\" src=\"https:\/\/plassociados.pt\/wp-content\/uploads\/2021\/07\/homepage-2048x1229.png\" alt=\"\" loading=\"lazy\" srcset=\"https:\/\/plassociados.pt\/wp-content\/uploads\/2021\/07\/homepage-2048x1229.png 2048w, https:\/\/plassociados.pt\/wp-content\/uploads\/2021\/07\/homepage-300x180.png 300w, https:\/\/plassociados.pt\/wp-content\/uploads\/2021\/07\/homepage-1024x614.png 1024w, https:\/\/plassociados.pt\/wp-content\/uploads\/2021\/07\/homepage-768x461.png 768w, https:\/\/plassociados.pt\/wp-content\/uploads\/2021\/07\/homepage-1536x922.png 1536w, https:\/\/plassociados.pt\/wp-content\/uploads\/2021\/07\/homepage-600x360.png 600w\" sizes=\"(max-width: 1200px) 100vw, 1200px\" \/>\t\t\t\t\t\t\t\t\t\t\t\t\t\t\t<\/p>\n<h4 style=\"text-align: left; padding-left: 40px;\">&nbsp;<\/h4>\n<h4 style=\"text-align: left; padding-left: 40px;\"><font color=\"#ffffff\">PL&amp;A seeks to build knowledge and achieve social impact. Supporting our partners to overcome their most difficult problems, improve their skills and achieve better results.<\/font><\/h4>\n<h4 style=\"text-align: left; padding-left: 40px;\"><font color=\"#ffffff\">With a cross-functional approach, we are able to offer strong support for the projects we integrate and a deep sense of community.<\/font><\/h4>\n<h4 style=\"text-align: left; padding-left: 40px;\"><font color=\"#ffffff\">PL&amp;A is committed to connecting with its business partners, sharing their needs and growing their companies<\/font>.<\/h4>\n<p><\/p>\n<p style=\"text-align: left; padding-left: 40px;\">\n<p>\t\t\t\t\t\t\t\t\t\t\t\t\t\t\t<img decoding=\"async\" width=\"4000\" height=\"1392\" src=\"https:\/\/plassociados.pt\/wp-content\/uploads\/2021\/07\/serviceapla.png\" alt=\"\" loading=\"lazy\" srcset=\"https:\/\/plassociados.pt\/wp-content\/uploads\/2021\/07\/serviceapla.png 4000w, https:\/\/plassociados.pt\/wp-content\/uploads\/2021\/07\/serviceapla-300x104.png 300w, https:\/\/plassociados.pt\/wp-content\/uploads\/2021\/07\/serviceapla-1024x356.png 1024w, https:\/\/plassociados.pt\/wp-content\/uploads\/2021\/07\/serviceapla-768x267.png 768w, https:\/\/plassociados.pt\/wp-content\/uploads\/2021\/07\/serviceapla-1536x535.png 1536w, https:\/\/plassociados.pt\/wp-content\/uploads\/2021\/07\/serviceapla-2048x713.png 2048w, https:\/\/plassociados.pt\/wp-content\/uploads\/2021\/07\/serviceapla-600x209.png 600w\" sizes=\"(max-width: 4000px) 100vw, 4000px\" \/>\t\t\t\t\t\t\t\t\t\t\t\t\t\t\t<\/p>\n<p><strong>CONSULTORIA DE GEST\u00c3O<\/strong><\/p>\n<p><strong>CONSULTORIA EMPRESARIAL<\/strong><\/p>\n<p><strong>CONSULTORIA ESTRAT\u00c9GICA<\/strong><\/p>\n<p>\u00a0<\/p>\n<p><strong>CONSULTORIA T\u00c9CNICO-CIENT\u00cdFICA<\/strong><\/p>\n<p>\u00a0<\/p>\n<p><strong>CONSULTORIA INFORM\u00c1TICA<\/strong><\/p>\n<p>\u00a0<\/p>\n<p><strong>COMUNICA\u00c7\u00c3O EMPRESARIAL<\/strong><\/p>\n<p>\u00a0<\/p>\n<p><strong>MARKETING DIGITAL<\/strong><\/p>\n<p>\u00a0<\/p>\n<p><strong>ORGANIZA\u00c7\u00c3O DE EVENTOS<\/strong><\/p>\n<p>\u00a0<\/p>\n<p><strong>PUBLICIDADE<\/strong><\/p>\n<p>\u00a0<\/p>\n<p><strong>RELA\u00c7\u00d5ES P\u00daBLICAS<\/strong><\/p>\n<p>\u00a0<\/p>\n<p><strong>APOIO \u00c0 EDUCA\u00c7\u00c3O<\/strong><\/p>\n<p>\u00a0<\/p>\n<p><strong>FORMA\u00c7\u00c3O<\/strong><\/p>\n<p>\u00a0<\/p>\n<p>\t\t\t\t\t\t\t\t\t\t\t\t\t\t\t<img decoding=\"async\" width=\"4000\" height=\"298\" src=\"https:\/\/plassociados.pt\/wp-content\/uploads\/2021\/07\/footer2021.png\" alt=\"\" loading=\"lazy\" srcset=\"https:\/\/plassociados.pt\/wp-content\/uploads\/2021\/07\/footer2021.png 4000w, https:\/\/plassociados.pt\/wp-content\/uploads\/2021\/07\/footer2021-300x22.png 300w, https:\/\/plassociados.pt\/wp-content\/uploads\/2021\/07\/footer2021-1024x76.png 1024w, https:\/\/plassociados.pt\/wp-content\/uploads\/2021\/07\/footer2021-768x57.png 768w, https:\/\/plassociados.pt\/wp-content\/uploads\/2021\/07\/footer2021-1536x114.png 1536w, https:\/\/plassociados.pt\/wp-content\/uploads\/2021\/07\/footer2021-2048x153.png 2048w, https:\/\/plassociados.pt\/wp-content\/uploads\/2021\/07\/footer2021-600x45.png 600w\" sizes=\"(max-width: 4000px) 100vw, 4000px\" \/><\/p>\n","protected":false},"excerpt":{"rendered":"<p>&nbsp; PL&amp;A seeks to build knowledge and achieve social impact. Supporting our partners to overcome their most difficult problems, improve their skills and achieve better results. With a cross-functional approach, we are able to offer strong support for the projects we integrate and a deep sense of community. PL&amp;A is committed to connecting with its [&hellip;]<\/p>\n","protected":false},"author":1,"featured_media":106,"parent":0,"menu_order":0,"comment_status":"closed","ping_status":"closed","template":"","meta":[],"translation":{"provider":"WPGlobus","version":"3.0.0","language":"en","enabled_languages":["pt","en"],"languages":{"pt":{"title":false,"content":true,"excerpt":false},"en":{"title":true,"content":true,"excerpt":false}}},"_links":{"self":[{"href":"https:\/\/plassociados.pt\/en\/wp-json\/wp\/v2\/pages\/147"}],"collection":[{"href":"https:\/\/plassociados.pt\/en\/wp-json\/wp\/v2\/pages"}],"about":[{"href":"https:\/\/plassociados.pt\/en\/wp-json\/wp\/v2\/types\/page"}],"author":[{"embeddable":true,"href":"https:\/\/plassociados.pt\/en\/wp-json\/wp\/v2\/users\/1"}],"replies":[{"embeddable":true,"href":"https:\/\/plassociados.pt\/en\/wp-json\/wp\/v2\/comments?post=147"}],"version-history":[{"count":154,"href":"https:\/\/plassociados.pt\/en\/wp-json\/wp\/v2\/pages\/147\/revisions"}],"predecessor-version":[{"id":460,"href":"https:\/\/plassociados.pt\/en\/wp-json\/wp\/v2\/pages\/147\/revisions\/460"}],"wp:featuredmedia":[{"embeddable":true,"href":"https:\/\/plassociados.pt\/en\/wp-json\/wp\/v2\/media\/106"}],"wp:attachment":[{"href":"https:\/\/plassociados.pt\/en\/wp-json\/wp\/v2\/media?parent=147"}],"curies":[{"name":"wp","href":"https:\/\/api.w.org\/{rel}","templated":true}]}}